{"id":216,"date":"2025-04-11T16:48:01","date_gmt":"2025-04-11T14:48:01","guid":{"rendered":"https:\/\/www.galerieesquina.fr\/?page_id=216"},"modified":"2025-04-11T17:31:42","modified_gmt":"2025-04-11T15:31:42","slug":"balthazar","status":"publish","type":"page","link":"https:\/\/www.galerieesquina.fr\/index.php\/nos-artistes\/balthazar\/","title":{"rendered":"BALTHAZAR"},"content":{"rendered":"\n<p>De la r\u00e9alit\u00e9 rejoindre le r\u00eav\u00e9, l&#8217;imagin\u00e9&#8230;<\/p>\n\n\n\n<p>La peinture de Balthazar s&#8217;inscrit dans un processus de cr\u00e9ation sur toile m\u00ealant plusieurs m\u00e9diums : peintures, photographies, \u00e9critures grav\u00e9es.<\/p>\n\n\n\n<p>Les \u00e9critures, compos\u00e9es de mots, de dates, de lieux \u00e9voquent les sentiments travers\u00e9s. Ses toiles parlent de m\u00e9moire, de moments heureux, de souvenirs d&#8217;enfance et de voyages. Son travail de peintre a une forme de classicisme auquel elle tient, autant dans le traitement que dans l&#8217;approche.<\/p>\n\n\n\n<p>Il y a diff\u00e9rents temps qui se m\u00ealent, s&#8217;assemblent, et tout autant  de couches qui se superposent.<\/p>\n\n\n\n<p>La photographie est une part importante de son travail. Photographier lui sert \u00e0 acter le souvenir. Elle utilise l&#8217;objectif en tant que peintre : l&#8217;image qu&#8217;elle saisit lors de la prise de vue est d\u00e9j\u00e0 une partie int\u00e9gr\u00e9e \u00e0 la toile. Elle condense la r\u00e9alit\u00e9 et l&#8217;imaginaire, le pr\u00e9sent imm\u00e9diat d\u00e9j\u00e0 si vite d\u00e9pass\u00e9&#8230;<\/p>\n\n\n\n<p>Balthazar questionne les syst\u00e8mes de communication invisibles induits par la technologie, l&#8217;accumulation des images et l&#8217;effacement de leur support mat\u00e9riel. Elle parle de nostalgie, de traces, de souvenirs r\u00e9els et incertains. Elle construit des espaces de supposition, de divagation, d&#8217;\u00e9garement g\u00e9ographique et temporel : le territoire de nos m\u00e9moires comme un paysage imaginaire&#8230;<\/p>\n\n\n\n\t\t<link href=\"https:\/\/www.galerieesquina.fr\/wp-content\/plugins\/slideshow-ck\/themes\/default\/css\/camera.css\" rel=\"stylesheet\" type=\"text\/css\" \/>\n\t\t<style type=\"text\/css\">\n\t\t\t#camera_wrap_223 .camera_pag_ul li img, #camera_wrap_223 .camera_thumbs_cont ul li img {\n\t\t\t\theight:100px;\n\t\t\t\twidth: auto;\n\t\t\t}\n\t\t\t#camera_wrap_223 .camera_caption {\n\t\t\t\tdisplay: block;\n\t\t\t\tposition: absolute;\n\t\t\t}\n\t\t\t#camera_wrap_223 .camera_caption a.camera_caption_link {\n\t\t\t\tdisplay: block;\n\t\t\t\tposition: absolute;\n\t\t\t\tleft: 0;\n\t\t\t\tright: 0;\n\t\t\t\ttop: 0;\n\t\t\t\tbottom: 0;\n\t\t\t}\n\t\t\t#camera_wrap_223 .camera_caption > div {\n\t\t\t\tbackground: #000000;\t\t\t}\n\t\t\t#camera_wrap_223 .camera_caption div.camera_caption_title {\n\t\t\t\tfont-size: 18px;line-height: 18px;font-weight: normal;\t\t\t}\n\t\t\t#camera_wrap_223 .camera_caption div.camera_caption_desc {\n\t\t\t\tfont-size: 12px;line-height: 12px;font-weight: normal;\t\t\t}\n\t\t<\/style>\n\t\t\t\t<div class=\"slideshowck camera_wrap camera_amber_skin\" id=\"camera_wrap_223\">\n\t\t\t\t\t\t\t<div  data-thumb=\"http:\/\/www.galerieesquina.fr\/wp-content\/uploads\/2025\/04\/IMG_1179.jpg\" data-src=\"http:\/\/www.galerieesquina.fr\/wp-content\/uploads\/2025\/04\/IMG_1179.jpg\" >\n\t\t\t\t\t\t\t\t\t\t<\/div>\n\t\t\t\t\t\t\t<div  data-thumb=\"http:\/\/www.galerieesquina.fr\/wp-content\/uploads\/2025\/04\/IMG_1177-e1744385143115.jpeg\" data-src=\"http:\/\/www.galerieesquina.fr\/wp-content\/uploads\/2025\/04\/IMG_1177-e1744385143115.jpeg\" >\n\t\t\t\t\t\t\t\t\t\t<\/div>\n\t\t\t\t\t\t\t<div  data-thumb=\"http:\/\/www.galerieesquina.fr\/wp-content\/uploads\/2025\/04\/IMG_1176-scaled.jpeg\" data-src=\"http:\/\/www.galerieesquina.fr\/wp-content\/uploads\/2025\/04\/IMG_1176-scaled.jpeg\" >\n\t\t\t\t\t\t\t\t\t\t<\/div>\n\t\t\t\t\t<\/div>\n\t\t<div style=\"clear:both;\"><\/div>\n\t\t\n","protected":false},"excerpt":{"rendered":"<p>De la r\u00e9alit\u00e9 rejoindre le r\u00eav\u00e9, l&#8217;imagin\u00e9&#8230; La peinture de Balthazar s&#8217;inscrit dans un processus de cr\u00e9ation sur toile m\u00ealant plusieurs m\u00e9diums : peintures, photographies, \u00e9critures grav\u00e9es. Les \u00e9critures, compos\u00e9es de mots, de dates, de lieux \u00e9voquent les sentiments travers\u00e9s. &hellip; <a href=\"https:\/\/www.galerieesquina.fr\/index.php\/nos-artistes\/balthazar\/\">Continue reading <span class=\"meta-nav\">&rarr;<\/span><\/a><\/p>\n","protected":false},"author":1,"featured_media":0,"parent":48,"menu_order":0,"comment_status":"closed","ping_status":"closed","template":"","meta":{"footnotes":""},"class_list":["post-216","page","type-page","status-publish","hentry"],"_links":{"self":[{"href":"https:\/\/www.galerieesquina.fr\/index.php\/wp-json\/wp\/v2\/pages\/216","targetHints":{"allow":["GET"]}}],"collection":[{"href":"https:\/\/www.galerieesquina.fr\/index.php\/wp-json\/wp\/v2\/pages"}],"about":[{"href":"https:\/\/www.galerieesquina.fr\/index.php\/wp-json\/wp\/v2\/types\/page"}],"author":[{"embeddable":true,"href":"https:\/\/www.galerieesquina.fr\/index.php\/wp-json\/wp\/v2\/users\/1"}],"replies":[{"embeddable":true,"href":"https:\/\/www.galerieesquina.fr\/index.php\/wp-json\/wp\/v2\/comments?post=216"}],"version-history":[{"count":4,"href":"https:\/\/www.galerieesquina.fr\/index.php\/wp-json\/wp\/v2\/pages\/216\/revisions"}],"predecessor-version":[{"id":227,"href":"https:\/\/www.galerieesquina.fr\/index.php\/wp-json\/wp\/v2\/pages\/216\/revisions\/227"}],"up":[{"embeddable":true,"href":"https:\/\/www.galerieesquina.fr\/index.php\/wp-json\/wp\/v2\/pages\/48"}],"wp:attachment":[{"href":"https:\/\/www.galerieesquina.fr\/index.php\/wp-json\/wp\/v2\/media?parent=216"}],"curies":[{"name":"wp","href":"https:\/\/api.w.org\/{rel}","templated":true}]}}