{"id":145,"date":"2024-05-18T13:14:42","date_gmt":"2024-05-18T11:14:42","guid":{"rendered":"https:\/\/www.galerieesquina.fr\/?page_id=145"},"modified":"2025-03-18T17:34:04","modified_gmt":"2025-03-18T16:34:04","slug":"matt-roussel","status":"publish","type":"page","link":"https:\/\/www.galerieesquina.fr\/index.php\/nos-artistes\/matt-roussel\/","title":{"rendered":"Matt ROUSSEL"},"content":{"rendered":"\n<p><strong>Matt Roussel <\/strong>est reconnu pour ses bois grav\u00e9s peints, ses estampes, et ses c\u00e9ramiques raku.<br>Il est n\u00e9 en 1964 dans le sud de la France.<br>Apr\u00e8s avoir longtemps travaill\u00e9 comme illustrateur pour l\u2019\u00e9dition, la presse et la publicit\u00e9, il voyage en Mongolie en 2015 et d\u00e9cide de se consacrer essentiellement \u00e0 la gravure sur bois et \u00e0 la c\u00e9ramique.<br>Au fil du temps, son travail de graveur \u00e9volue et il invente un art unique en peignant \u00e0 l\u2019acrylique des planches de bois pr\u00e9alablement grav\u00e9es.<br>Ses th\u00e8mes de pr\u00e9dilection sont les relations qui associent les hommes, les animaux et la nature.<br>Il vend ses oeuvres dans le monde entier et expose toute l\u2019ann\u00e9e en France et en Europe lors de foires d\u2019art contemporain.<\/p>\n\n\n\n\t\t<link href=\"https:\/\/www.galerieesquina.fr\/wp-content\/plugins\/slideshow-ck\/themes\/default\/css\/camera.css\" rel=\"stylesheet\" type=\"text\/css\" \/>\n\t\t<style type=\"text\/css\">\n\t\t\t#camera_wrap_150 .camera_pag_ul li img, #camera_wrap_150 .camera_thumbs_cont ul li img {\n\t\t\t\theight:100px;\n\t\t\t\twidth: auto;\n\t\t\t}\n\t\t\t#camera_wrap_150 .camera_caption {\n\t\t\t\tdisplay: block;\n\t\t\t\tposition: absolute;\n\t\t\t}\n\t\t\t#camera_wrap_150 .camera_caption a.camera_caption_link {\n\t\t\t\tdisplay: block;\n\t\t\t\tposition: absolute;\n\t\t\t\tleft: 0;\n\t\t\t\tright: 0;\n\t\t\t\ttop: 0;\n\t\t\t\tbottom: 0;\n\t\t\t}\n\t\t\t#camera_wrap_150 .camera_caption > div {\n\t\t\t\tbackground: #000000;\t\t\t}\n\t\t\t#camera_wrap_150 .camera_caption div.camera_caption_title {\n\t\t\t\tfont-size: 18px;line-height: 18px;font-weight: normal;\t\t\t}\n\t\t\t#camera_wrap_150 .camera_caption div.camera_caption_desc {\n\t\t\t\tfont-size: 12px;line-height: 12px;font-weight: normal;\t\t\t}\n\t\t<\/style>\n\t\t\t\t<div class=\"slideshowck camera_wrap camera_amber_skin\" id=\"camera_wrap_150\">\n\t\t\t\t\t\t\t<div data-rel=\"lightbox\"  data-thumb=\"http:\/\/www.galerieesquina.fr\/wp-content\/uploads\/2024\/05\/IMG_1286.jpg\" data-src=\"http:\/\/www.galerieesquina.fr\/wp-content\/uploads\/2024\/05\/IMG_1286.jpg\" >\n\t\t\t\t\t\t\t\t\t\t<\/div>\n\t\t\t\t\t\t\t<div data-rel=\"lightbox\"  data-thumb=\"http:\/\/www.galerieesquina.fr\/wp-content\/uploads\/2024\/05\/IMG_1288.jpg\" data-src=\"http:\/\/www.galerieesquina.fr\/wp-content\/uploads\/2024\/05\/IMG_1288.jpg\" >\n\t\t\t\t\t\t\t\t\t\t<\/div>\n\t\t\t\t\t<\/div>\n\t\t<div style=\"clear:both;\"><\/div>\n\t\t\n\n\n\n<p><\/p>\n","protected":false},"excerpt":{"rendered":"<p>Matt Roussel est reconnu pour ses bois grav\u00e9s peints, ses estampes, et ses c\u00e9ramiques raku.Il est n\u00e9 en 1964 dans le sud de la France.Apr\u00e8s avoir longtemps travaill\u00e9 comme illustrateur pour l\u2019\u00e9dition, la presse et la publicit\u00e9, il voyage en &hellip; <a href=\"https:\/\/www.galerieesquina.fr\/index.php\/nos-artistes\/matt-roussel\/\">Continue reading <span class=\"meta-nav\">&rarr;<\/span><\/a><\/p>\n","protected":false},"author":1,"featured_media":0,"parent":48,"menu_order":0,"comment_status":"closed","ping_status":"closed","template":"","meta":{"footnotes":""},"class_list":["post-145","page","type-page","status-publish","hentry"],"_links":{"self":[{"href":"https:\/\/www.galerieesquina.fr\/index.php\/wp-json\/wp\/v2\/pages\/145","targetHints":{"allow":["GET"]}}],"collection":[{"href":"https:\/\/www.galerieesquina.fr\/index.php\/wp-json\/wp\/v2\/pages"}],"about":[{"href":"https:\/\/www.galerieesquina.fr\/index.php\/wp-json\/wp\/v2\/types\/page"}],"author":[{"embeddable":true,"href":"https:\/\/www.galerieesquina.fr\/index.php\/wp-json\/wp\/v2\/users\/1"}],"replies":[{"embeddable":true,"href":"https:\/\/www.galerieesquina.fr\/index.php\/wp-json\/wp\/v2\/comments?post=145"}],"version-history":[{"count":7,"href":"https:\/\/www.galerieesquina.fr\/index.php\/wp-json\/wp\/v2\/pages\/145\/revisions"}],"predecessor-version":[{"id":206,"href":"https:\/\/www.galerieesquina.fr\/index.php\/wp-json\/wp\/v2\/pages\/145\/revisions\/206"}],"up":[{"embeddable":true,"href":"https:\/\/www.galerieesquina.fr\/index.php\/wp-json\/wp\/v2\/pages\/48"}],"wp:attachment":[{"href":"https:\/\/www.galerieesquina.fr\/index.php\/wp-json\/wp\/v2\/media?parent=145"}],"curies":[{"name":"wp","href":"https:\/\/api.w.org\/{rel}","templated":true}]}}